{"id":7023,"date":"2024-07-08T04:37:45","date_gmt":"2024-07-08T04:37:45","guid":{"rendered":"https:\/\/chabad.burbatravels.com\/quienes-somos\/"},"modified":"2025-07-25T07:25:02","modified_gmt":"2025-07-25T07:25:02","slug":"quienes-somos","status":"publish","type":"page","link":"https:\/\/chabad.burbatravels.com\/es\/quienes-somos\/","title":{"rendered":"Qui\u00e9nes Somos"},"content":{"rendered":"\t\t<div data-elementor-type=\"wp-page\" data-elementor-id=\"7023\" class=\"elementor elementor-7023 elementor-1277\">\n\t\t\t\t<div class=\"elementor-element elementor-element-ae0c789 e-con-full e-flex e-con e-parent\" data-id=\"ae0c789\" data-element_type=\"container\">\n\t\t<div class=\"elementor-element elementor-element-835b840 e-flex e-con-boxed e-con e-child\" data-id=\"835b840\" data-element_type=\"container\">\n\t\t\t\t\t<div class=\"e-con-inner\">\n\t\t<div class=\"elementor-element elementor-element-50c694f e-con-full e-flex e-con e-child\" data-id=\"50c694f\" data-element_type=\"container\">\n\t\t\r\n\t\t<div class=\"elementor-element elementor-element-5887cb1 elementor-widget elementor-widget-tourmimage\" data-id=\"5887cb1\" data-element_type=\"widget\" data-widget_type=\"tourmimage.default\">\n\t\t\t\t<div class=\"elementor-widget-container\">\n\t\t\t\t\t<div class=\"img-box3\"><div class=\"img1\"><img decoding=\"async\" src=\"https:\/\/wordpress.themeholy.com\/tourm\/wp-content\/uploads\/2024\/07\/about_3_1.jpg\" alt=\"about_3_1\"  \/><\/div><div class=\"img2\"><img decoding=\"async\" src=\"https:\/\/wordpress.themeholy.com\/tourm\/wp-content\/uploads\/2024\/07\/about_3_2.jpg\" alt=\"about_3_2\"  \/><\/div><div class=\"img3 movingX\"><img decoding=\"async\" src=\"https:\/\/chabad.burbatravels.com\/wp-content\/uploads\/2025\/06\/img-5179-jpg_standard.jpg\" alt=\"img 5179 jpg_standard\"  \/><\/div><\/div>\t\t\t\t<\/div>\n\t\t\t\t<\/div>\n\t\t\t\t<\/div>\n\t\t<div class=\"elementor-element elementor-element-4f3f988 e-con-full e-flex e-con e-child\" data-id=\"4f3f988\" data-element_type=\"container\">\n\t\t\t\t<div class=\"elementor-element elementor-element-e76ccfe elementor-widget__width-initial elementor-widget-mobile__width-inherit elementor-widget elementor-widget-tourmsectiontitle\" data-id=\"e76ccfe\" data-element_type=\"widget\" data-widget_type=\"tourmsectiontitle.default\">\n\t\t\t\t<div class=\"elementor-widget-container\">\n\t\t\t\t\t\t\t<div class=\"title-area text-left \">\r\n\t\t\t<span class=\"sub-title \">Nosotros<\/span><h2 class=\"sec-title \">Qui\u00e9nes Somos<\/h2>\t\t<\/div>\r\n\r\n\t\t\t\t\t<\/div>\n\t\t\t\t<\/div>\n\t\t\t\t<div class=\"elementor-element elementor-element-79f811a elementor-widget__width-initial elementor-widget-mobile__width-inherit elementor-widget elementor-widget-text-editor\" data-id=\"79f811a\" data-element_type=\"widget\" data-widget_type=\"text-editor.default\">\n\t\t\t\t<div class=\"elementor-widget-container\">\n\t\t\t\t\t\t\t\t\t<p data-start=\"0\" data-end=\"224\">Somos una agencia de viajes local oficial en Panam\u00e1. Estamos ubicados en la hermosa y hist\u00f3rica ciudad antigua de Casco Viejo. Realizamos tours locales dentro del pa\u00eds y contamos con nuestros propios servicios de transporte.<\/p><p data-start=\"226\" data-end=\"488\" data-is-last-node=\"\" data-is-only-node=\"\">En Burba Travel, estamos comprometidos a hacer realidad las vacaciones de tus sue\u00f1os. Nuestra amplia gama de servicios \u2014que incluye traslados, alojamiento, tours guiados y excursiones\u2014 est\u00e1 dise\u00f1ada especialmente para ofrecerte la verdadera experiencia paname\u00f1a.<\/p>\t\t\t\t\t\t\t\t<\/div>\n\t\t\t\t<\/div>\n\t\t\t\t<div class=\"elementor-element elementor-element-b885914 elementor-widget elementor-widget-tourmbutton\" data-id=\"b885914\" data-element_type=\"widget\" data-widget_type=\"tourmbutton.default\">\n\t\t\t\t<div class=\"elementor-widget-container\">\n\t\t\t\t\t<div class=\"btn-wrapper\"><a class=\"th-btn th_btn th-icon style3\" href=\"#\">Conoce nuestros tours<\/a><\/div>\t\t\t\t<\/div>\n\t\t\t\t<\/div>\n\t\t\t\t<\/div>\n\t\t\t\t<div class=\"elementor-element elementor-element-c403c63 elementor-widget elementor-widget-tourmshapeimage\" data-id=\"c403c63\" data-element_type=\"widget\" data-widget_type=\"tourmshapeimage.default\">\n\t\t\t\t<div class=\"elementor-widget-container\">\n\t\t\t\t\t<!-- Image --><div class=\"shape-mockup  movingX d-xl-block d-none\" data-top=\"4%\" data-left=\"2%\"><img decoding=\"async\" src=\"https:\/\/wordpress.themeholy.com\/tourm\/wp-content\/uploads\/2024\/06\/shape_2_1.png\" alt=\"Shape Image\" ><\/div><!-- End Image -->\t\t\t\t<\/div>\n\t\t\t\t<\/div>\n\t\t\t\t<div class=\"elementor-element elementor-element-294964a elementor-widget elementor-widget-tourmshapeimage\" data-id=\"294964a\" data-element_type=\"widget\" data-widget_type=\"tourmshapeimage.default\">\n\t\t\t\t<div class=\"elementor-widget-container\">\n\t\t\t\t\t<!-- Image --><div class=\"shape-mockup  jump d-xl-block d-none\" data-top=\"28%\" data-right=\"5%\"><img decoding=\"async\" src=\"https:\/\/wordpress.themeholy.com\/tourm\/wp-content\/uploads\/2024\/06\/shape_2_2.png\" alt=\"Shape Image\" ><\/div><!-- End Image -->\t\t\t\t<\/div>\n\t\t\t\t<\/div>\n\t\t\t\t<div class=\"elementor-element elementor-element-a84d528 elementor-widget elementor-widget-tourmshapeimage\" data-id=\"a84d528\" data-element_type=\"widget\" data-widget_type=\"tourmshapeimage.default\">\n\t\t\t\t<div class=\"elementor-widget-container\">\n\t\t\t\t\t<!-- Image --><div class=\"shape-mockup  spin d-xl-block d-none\" data-bottom=\"18%\" data-left=\"2%\"><img decoding=\"async\" src=\"https:\/\/wordpress.themeholy.com\/tourm\/wp-content\/uploads\/2024\/06\/shape_2_3.png\" alt=\"Shape Image\" ><\/div><!-- End Image -->\t\t\t\t<\/div>\n\t\t\t\t<\/div>\n\t\t\t\t<div class=\"elementor-element elementor-element-533c75a elementor-widget elementor-widget-tourmshapeimage\" data-id=\"533c75a\" data-element_type=\"widget\" data-widget_type=\"tourmshapeimage.default\">\n\t\t\t\t<div class=\"elementor-widget-container\">\n\t\t\t\t\t<!-- Image --><div class=\"shape-mockup movixgX  d-xl-block d-none\" data-bottom=\"18%\" data-right=\"2%\"><img decoding=\"async\" src=\"https:\/\/wordpress.themeholy.com\/tourm\/wp-content\/uploads\/2024\/06\/shape_2_4.png\" alt=\"Shape Image\" ><\/div><!-- End Image -->\t\t\t\t<\/div>\n\t\t\t\t<\/div>\n\t\t\t\t\t<\/div>\n\t\t\t\t<\/div>\n\t\t\t\t<\/div>\n\t\t<div class=\"elementor-element elementor-element-dc2fece e-flex e-con-boxed e-con e-parent\" data-id=\"dc2fece\" data-element_type=\"container\">\n\t\t\t\t\t<div class=\"e-con-inner\">\n\t\t\t\t<div class=\"elementor-element elementor-element-7d73fc9 elementor-widget elementor-widget-tourmsectiontitle\" data-id=\"7d73fc9\" data-element_type=\"widget\" data-widget_type=\"tourmsectiontitle.default\">\n\t\t\t\t<div class=\"elementor-widget-container\">\n\t\t\t\t\t\t\t<div class=\"title-area text-center \">\r\n\t\t\t<span class=\"sub-title \">Nuestros<\/span><h2 class=\"sec-title \">Tours<\/h2>\t\t<\/div>\r\n\r\n\t\t\t\t\t<\/div>\n\t\t\t\t<\/div>\n\t\t\t\t<div class=\"elementor-element elementor-element-537f2db elementor-widget elementor-widget-tourmdestinations\" data-id=\"537f2db\" data-element_type=\"widget\" data-widget_type=\"tourmdestinations.default\">\n\t\t\t\t<div class=\"elementor-widget-container\">\n\t\t\t\t\t<div class=\"row gy-4 gx-4\"><div class=\"col-xl-3 col-lg-4 col-md-6\"><div class=\"destination-item th-ani\"><div class=\"destination-item_img global-img\"><img decoding=\"async\" src=\"https:\/\/chabad.burbatravels.com\/wp-content\/uploads\/2025\/06\/capuchin-monkey-family-in-a-tree-2025-03-23-22-49-50-utc-1-scaled.jpg\" alt=\"capuchin monkey family in a tree 2025 03 23 22 49 50 utc 1 scaled\"  \/><\/div><div class=\"destination-content\"><h3 class=\"box-title title\"><a href=\"#\">Monkey Island<\/a><\/h3><p class=\"destination-text trip_count\">Tour<\/p><a href=\"#\" class=\"th-btn style4 th-icon\">Buy<\/a><\/div><\/div><\/div><div class=\"col-xl-3 col-lg-4 col-md-6\"><div class=\"destination-item th-ani\"><div class=\"destination-item_img global-img\"><img decoding=\"async\" src=\"https:\/\/chabad.burbatravels.com\/wp-content\/uploads\/2025\/06\/ship-crossing-panama-canal-at-miraflores-locks-p-2025-03-31-06-24-37-utc.png\" alt=\"ship crossing panama canal at miraflores locks p 2025 03 31 06 24 37 utc\"  \/><\/div><div class=\"destination-content\"><h3 class=\"box-title title\"><a href=\"#\">Panama Canal<\/a><\/h3><p class=\"destination-text trip_count\">Tour<\/p><a href=\"#\" class=\"th-btn style4 th-icon\">Buy<\/a><\/div><\/div><\/div><div class=\"col-xl-3 col-lg-4 col-md-6\"><div class=\"destination-item th-ani\"><div class=\"destination-item_img global-img\"><img decoding=\"async\" src=\"https:\/\/chabad.burbatravels.com\/wp-content\/uploads\/2025\/06\/large_Plaza_de_la_Catedral_Independence_Square_Casco_Antiguo_Panama_city_1__c8fe8243-7c97-42f7-b4e1-5154d9d6c1c0.jpg\" alt=\"large_Plaza_de_la_Catedral_Independence_Square_Casco_Antiguo_Panama_city_1__c8fe8243 7c97 42f7 b4e1 5154d9d6c1c0\"  \/><\/div><div class=\"destination-content\"><h3 class=\"box-title title\"><a href=\"#\">Casco Viejo<\/a><\/h3><p class=\"destination-text trip_count\">Tour<\/p><a href=\"#\" class=\"th-btn style4 th-icon\">Buy<\/a><\/div><\/div><\/div><div class=\"col-xl-3 col-lg-4 col-md-6\"><div class=\"destination-item th-ani\"><div class=\"destination-item_img global-img\"><img decoding=\"async\" src=\"https:\/\/chabad.burbatravels.com\/wp-content\/uploads\/2025\/06\/Mujeres_de_la_etnia_Embera.jpg\" alt=\"Mujeres_de_la_etnia_Embera\"  \/><\/div><div class=\"destination-content\"><h3 class=\"box-title title\"><a href=\"#\">Embera Tribe<\/a><\/h3><p class=\"destination-text trip_count\">Tour<\/p><a href=\"#\" class=\"th-btn style4 th-icon\">Buy<\/a><\/div><\/div><\/div><div class=\"col-xl-3 col-lg-4 col-md-6\"><div class=\"destination-item th-ani\"><div class=\"destination-item_img global-img\"><img decoding=\"async\" src=\"https:\/\/wordpress.themeholy.com\/tourm\/wp-content\/uploads\/2024\/07\/destination_4_5.jpg\" alt=\"destination_4_5\"  \/><\/div><div class=\"destination-content\"><h3 class=\"box-title title\"><a href=\"#\">San Blas<\/a><\/h3><p class=\"destination-text trip_count\">Tour<\/p><a href=\"#\" class=\"th-btn style4 th-icon\">Buy<\/a><\/div><\/div><\/div><\/div>\t\t\t\t<\/div>\n\t\t\t\t<\/div>\n\t\t\t\t\t<\/div>\n\t\t\t\t<\/div>\n\t\t<div class=\"elementor-element elementor-element-afd1bba team-area3 e-flex e-con-boxed e-con e-parent\" data-id=\"afd1bba\" data-element_type=\"container\" data-settings=\"{&quot;background_background&quot;:&quot;classic&quot;}\">\n\t\t\t\t\t<div class=\"e-con-inner\">\n\t\t<div class=\"elementor-element elementor-element-edfaffd e-con-full e-flex e-con e-child\" data-id=\"edfaffd\" data-element_type=\"container\">\n\t\t\t\t<div class=\"elementor-element elementor-element-fbcedf7 elementor-widget elementor-widget-tourmsectiontitle\" data-id=\"fbcedf7\" data-element_type=\"widget\" data-widget_type=\"tourmsectiontitle.default\">\n\t\t\t\t<div class=\"elementor-widget-container\">\n\t\t\t\t\t\t\t<div class=\"title-area text-center \">\r\n\t\t\t<span class=\"sub-title \">Conoce nuestro Equipo<\/span><h2 class=\"sec-title \">Las personas que lo hacen posible<\/h2>\t\t<\/div>\r\n\r\n\t\t\t\t\t<\/div>\n\t\t\t\t<\/div>\n\t\t\t\t<div class=\"elementor-element elementor-element-5514b88 elementor-widget elementor-widget-tourmteam\" data-id=\"5514b88\" data-element_type=\"widget\" data-widget_type=\"tourmteam.default\">\n\t\t\t\t<div class=\"elementor-widget-container\">\n\t\t\t\t\t<div class=\"slider-area arrow-wrap\"><div class=\"swiper th-slider teamSlider3 has-shadow\" id=\"teamSlider3\" data-slider-options='{\"breakpoints\":{\"0\":{\"slidesPerView\":1},\"576\":{\"slidesPerView\":\"1\"},\"768\":{\"slidesPerView\":\"2\"},\"992\":{\"slidesPerView\":\"3\"},\"1200\":{\"slidesPerView\":\"3\"}}}'><div class=\"swiper-wrapper\"><div class=\"swiper-slide\"><div class=\"th-team team-grid\"><div class=\"team-img\"><img decoding=\"async\" src=\"https:\/\/wordpress.themeholy.com\/tourm\/wp-content\/uploads\/2024\/07\/team_img_1.jpg\" alt=\"team_img_1\"  \/><\/div><div class=\"team-img2\"><img decoding=\"async\" src=\"https:\/\/chabad.burbatravels.com\/wp-content\/uploads\/2025\/07\/Untitled-design-24.png\" alt=\"Untitled design 24\"  \/><\/div><div class=\"team-content\"><div class=\"media-body\"><h3 class=\"box-title title\"><a href=\"#\">Attila Keresztes<\/a><\/h3><span class=\"team-desig desig\">Owner<\/span><div class=\"th-social\"><\/div><\/div><\/div><\/div><\/div><div class=\"swiper-slide\"><div class=\"th-team team-grid\"><div class=\"team-img\"><img decoding=\"async\" src=\"https:\/\/wordpress.themeholy.com\/tourm\/wp-content\/uploads\/2024\/07\/team_img_2.jpg\" alt=\"team_img_2\"  \/><\/div><div class=\"team-img2\"><img decoding=\"async\" src=\"https:\/\/chabad.burbatravels.com\/wp-content\/uploads\/2025\/07\/B0BD5400-8C3F-49FD-B38B-358730A0AE3D-e1751868832530.jpeg\" alt=\"B0BD5400 8C3F 49FD B38B 358730A0AE3D e1751868832530\"  \/><\/div><div class=\"team-content\"><div class=\"media-body\"><h3 class=\"box-title title\"><a href=\"#\">Sharon Mart\u00ednez<\/a><\/h3><span class=\"team-desig desig\">Representative<\/span><div class=\"th-social\"><\/div><\/div><\/div><\/div><\/div><\/div><div class=\"slider-pagination\"><\/div><\/div><button data-slider-prev=\"#teamSlider3\" class=\"slider-arrow slider-prev\"><img decoding=\"async\" src=\"https:\/\/chabad.burbatravels.com\/wp-content\/plugins\/tourm-core\/assets\/\/img\/icon\/right-arrow2.svg\" alt=\"\"><\/button><button data-slider-next=\"#teamSlider3\" class=\"slider-arrow slider-next\"><img decoding=\"async\" src=\"https:\/\/chabad.burbatravels.com\/wp-content\/plugins\/tourm-core\/assets\/\/img\/icon\/left-arrow2.svg\" alt=\"\"><\/button><\/div>\t\t\t\t<\/div>\n\t\t\t\t<\/div>\n\t\t\t\t<\/div>\n\t\t\t\t\t<\/div>\n\t\t\t\t<\/div>\n\t\t\t\t<\/div>\n\t\t","protected":false},"excerpt":{"rendered":"<p>Nosotros Qui\u00e9nes Somos Somos una agencia de viajes local oficial en Panam\u00e1. Estamos ubicados en la hermosa y hist\u00f3rica ciudad antigua de Casco Viejo. Realizamos tours locales dentro del pa\u00eds y contamos con nuestros propios servicios de transporte. En Burba Travel, estamos comprometidos a hacer realidad las vacaciones de tus sue\u00f1os. Nuestra amplia gama de&#8230;<\/p>\n","protected":false},"author":1,"featured_media":0,"parent":0,"menu_order":0,"comment_status":"closed","ping_status":"closed","template":"template-builder.php","meta":{"_joinchat":[],"footnotes":""},"class_list":["post-7023","page","type-page","status-publish","hentry"],"_links":{"self":[{"href":"https:\/\/chabad.burbatravels.com\/es\/wp-json\/wp\/v2\/pages\/7023","targetHints":{"allow":["GET"]}}],"collection":[{"href":"https:\/\/chabad.burbatravels.com\/es\/wp-json\/wp\/v2\/pages"}],"about":[{"href":"https:\/\/chabad.burbatravels.com\/es\/wp-json\/wp\/v2\/types\/page"}],"author":[{"embeddable":true,"href":"https:\/\/chabad.burbatravels.com\/es\/wp-json\/wp\/v2\/users\/1"}],"replies":[{"embeddable":true,"href":"https:\/\/chabad.burbatravels.com\/es\/wp-json\/wp\/v2\/comments?post=7023"}],"version-history":[{"count":3,"href":"https:\/\/chabad.burbatravels.com\/es\/wp-json\/wp\/v2\/pages\/7023\/revisions"}],"predecessor-version":[{"id":7026,"href":"https:\/\/chabad.burbatravels.com\/es\/wp-json\/wp\/v2\/pages\/7023\/revisions\/7026"}],"wp:attachment":[{"href":"https:\/\/chabad.burbatravels.com\/es\/wp-json\/wp\/v2\/media?parent=7023"}],"curies":[{"name":"wp","href":"https:\/\/api.w.org\/{rel}","templated":true}]}}